{"id":80,"date":"2023-06-20T14:57:47","date_gmt":"2023-06-20T17:57:47","guid":{"rendered":"https:\/\/pilaresdagrana.com.br\/?page_id=80"},"modified":"2023-06-30T11:13:22","modified_gmt":"2023-06-30T14:13:22","slug":"sobre-o-beneficio","status":"publish","type":"page","link":"https:\/\/pilaresdagrana.com.br\/index.php\/sobre-o-beneficio\/","title":{"rendered":"Sobre o Benef\u00edcio"},"content":{"rendered":"\t\t<div data-elementor-type=\"wp-page\" data-elementor-id=\"80\" class=\"elementor elementor-80\" data-elementor-post-type=\"page\">\n\t\t\t\t\t\t\t<div class=\"elementor-element elementor-element-1b5bd6da e-flex e-con-boxed e-con\" data-id=\"1b5bd6da\" data-element_type=\"container\" data-settings=\"{&quot;background_background&quot;:&quot;classic&quot;,&quot;content_width&quot;:&quot;boxed&quot;}\">\n\t\t\t\t\t<div class=\"e-con-inner\">\n\t\t\t\t\t<\/div>\n\t\t\t\t<\/div>\n\t\t<div class=\"elementor-element elementor-element-49110fe e-flex e-con-boxed e-con\" data-id=\"49110fe\" data-element_type=\"container\" data-settings=\"{&quot;background_background&quot;:&quot;classic&quot;,&quot;content_width&quot;:&quot;boxed&quot;}\">\n\t\t\t\t\t<div class=\"e-con-inner\">\n\t\t<div class=\"elementor-element elementor-element-3e76267 e-con-full e-flex e-con\" data-id=\"3e76267\" data-element_type=\"container\" data-settings=\"{&quot;content_width&quot;:&quot;full&quot;}\">\n\t\t\t\t<div class=\"elementor-element elementor-element-9006385 elementor-widget elementor-widget-heading\" data-id=\"9006385\" data-element_type=\"widget\" data-widget_type=\"heading.default\">\n\t\t\t\t<div class=\"elementor-widget-container\">\n\t\t\t<style>\/*! elementor - v3.14.0 - 26-06-2023 *\/\n.elementor-heading-title{padding:0;margin:0;line-height:1}.elementor-widget-heading .elementor-heading-title[class*=elementor-size-]>a{color:inherit;font-size:inherit;line-height:inherit}.elementor-widget-heading .elementor-heading-title.elementor-size-small{font-size:15px}.elementor-widget-heading .elementor-heading-title.elementor-size-medium{font-size:19px}.elementor-widget-heading .elementor-heading-title.elementor-size-large{font-size:29px}.elementor-widget-heading .elementor-heading-title.elementor-size-xl{font-size:39px}.elementor-widget-heading .elementor-heading-title.elementor-size-xxl{font-size:59px}<\/style><h2 class=\"elementor-heading-title elementor-size-default\">Aumente o bem-estar financeiro dos colaboradores.<\/h2>\t\t<\/div>\n\t\t\t\t<\/div>\n\t\t\t\t<div class=\"elementor-element elementor-element-37f249a elementor-widget elementor-widget-text-editor\" data-id=\"37f249a\" data-element_type=\"widget\" data-widget_type=\"text-editor.default\">\n\t\t\t\t<div class=\"elementor-widget-container\">\n\t\t\t<style>\/*! elementor - v3.14.0 - 26-06-2023 *\/\n.elementor-widget-text-editor.elementor-drop-cap-view-stacked .elementor-drop-cap{background-color:#69727d;color:#fff}.elementor-widget-text-editor.elementor-drop-cap-view-framed .elementor-drop-cap{color:#69727d;border:3px solid;background-color:transparent}.elementor-widget-text-editor:not(.elementor-drop-cap-view-default) .elementor-drop-cap{margin-top:8px}.elementor-widget-text-editor:not(.elementor-drop-cap-view-default) .elementor-drop-cap-letter{width:1em;height:1em}.elementor-widget-text-editor .elementor-drop-cap{float:left;text-align:center;line-height:1;font-size:50px}.elementor-widget-text-editor .elementor-drop-cap-letter{display:inline-block}<\/style>\t\t\t\t<p>Na<strong> Pilares da Grana<\/strong>, nosso principal objetivo \u00e9 alcan\u00e7ar cada vez mais colaboradores e ajud\u00e1-los a conquistar independ\u00eancia financeira. Sabemos que quando os colaboradores est\u00e3o financeiramente est\u00e1veis, eles se tornam mais engajados e produtivos, beneficiando tanto a empresa quanto a si mesmos. \u00c9 por isso que oferecemos um benef\u00edcio exclusivo que se adapta \u00e0s necessidades individuais de cada colaborador, fornecendo um planejamento financeiro personalizado.<\/p>\t\t\t\t\t\t<\/div>\n\t\t\t\t<\/div>\n\t\t\t\t<\/div>\n\t\t<div class=\"elementor-element elementor-element-bddf979 e-con-full e-flex e-con\" data-id=\"bddf979\" data-element_type=\"container\" data-settings=\"{&quot;content_width&quot;:&quot;full&quot;}\">\n\t\t\t\t<div class=\"elementor-element elementor-element-c8c004d elementor-widget elementor-widget-image\" data-id=\"c8c004d\" data-element_type=\"widget\" data-widget_type=\"image.default\">\n\t\t\t\t<div class=\"elementor-widget-container\">\n\t\t\t<style>\/*! elementor - v3.14.0 - 26-06-2023 *\/\n.elementor-widget-image{text-align:center}.elementor-widget-image a{display:inline-block}.elementor-widget-image a img[src$=\".svg\"]{width:48px}.elementor-widget-image img{vertical-align:middle;display:inline-block}<\/style>\t\t\t\t\t\t\t\t\t\t\t\t<img decoding=\"async\" width=\"750\" height=\"480\" src=\"https:\/\/pilaresdagrana.com.br\/wp-content\/uploads\/2023\/06\/Beneficio-Pilares-da-Grana01.png\" class=\"attachment-large size-large wp-image-264\" alt=\"\" loading=\"lazy\" srcset=\"https:\/\/pilaresdagrana.com.br\/wp-content\/uploads\/2023\/06\/Beneficio-Pilares-da-Grana01.png 750w, https:\/\/pilaresdagrana.com.br\/wp-content\/uploads\/2023\/06\/Beneficio-Pilares-da-Grana01-300x192.png 300w\" sizes=\"(max-width: 750px) 100vw, 750px\" \/>\t\t\t\t\t\t\t\t\t\t\t\t\t\t\t<\/div>\n\t\t\t\t<\/div>\n\t\t\t\t<\/div>\n\t\t\t\t\t<\/div>\n\t\t\t\t<\/div>\n\t\t<div class=\"elementor-element elementor-element-1f22fd8 e-flex e-con-boxed e-con\" data-id=\"1f22fd8\" data-element_type=\"container\" data-settings=\"{&quot;background_background&quot;:&quot;classic&quot;,&quot;content_width&quot;:&quot;boxed&quot;}\">\n\t\t\t\t\t<div class=\"e-con-inner\">\n\t\t\t\t<div class=\"elementor-element elementor-element-54840ee elementor-widget elementor-widget-heading\" data-id=\"54840ee\" data-element_type=\"widget\" data-widget_type=\"heading.default\">\n\t\t\t\t<div class=\"elementor-widget-container\">\n\t\t\t<h2 class=\"elementor-heading-title elementor-size-default\">O processo \u00e9 simples e eficaz, garantindo que cada colaborador obtenha o m\u00e1ximo de proveito:<\/h2>\t\t<\/div>\n\t\t\t\t<\/div>\n\t\t\t\t\t<\/div>\n\t\t\t\t<\/div>\n\t\t<div class=\"elementor-element elementor-element-f25e27e e-flex e-con-boxed e-con\" data-id=\"f25e27e\" data-element_type=\"container\" data-settings=\"{&quot;background_background&quot;:&quot;classic&quot;,&quot;content_width&quot;:&quot;boxed&quot;}\">\n\t\t\t\t\t<div class=\"e-con-inner\">\n\t\t<div class=\"elementor-element elementor-element-2420dc9 e-con-full e-flex e-con\" data-id=\"2420dc9\" data-element_type=\"container\" data-settings=\"{&quot;content_width&quot;:&quot;full&quot;}\">\n\t\t\t\t<div class=\"elementor-element elementor-element-af38939 elementor-widget elementor-widget-image\" data-id=\"af38939\" data-element_type=\"widget\" data-widget_type=\"image.default\">\n\t\t\t\t<div class=\"elementor-widget-container\">\n\t\t\t\t\t\t\t\t\t\t\t\t\t\t\t<img decoding=\"async\" width=\"110\" height=\"110\" src=\"https:\/\/pilaresdagrana.com.br\/wp-content\/uploads\/2023\/06\/Apresentacao-Pilares-da-Grana.png\" class=\"attachment-large size-large wp-image-265\" alt=\"\" loading=\"lazy\" \/>\t\t\t\t\t\t\t\t\t\t\t\t\t\t\t<\/div>\n\t\t\t\t<\/div>\n\t\t\t\t<div class=\"elementor-element elementor-element-dff9e70 elementor-widget elementor-widget-heading\" data-id=\"dff9e70\" data-element_type=\"widget\" data-widget_type=\"heading.default\">\n\t\t\t\t<div class=\"elementor-widget-container\">\n\t\t\t<h2 class=\"elementor-heading-title elementor-size-default\">1)\tApresenta\u00e7\u00e3o aos Colaboradores<\/h2>\t\t<\/div>\n\t\t\t\t<\/div>\n\t\t\t\t<div class=\"elementor-element elementor-element-bae365d elementor-widget elementor-widget-text-editor\" data-id=\"bae365d\" data-element_type=\"widget\" data-widget_type=\"text-editor.default\">\n\t\t\t\t<div class=\"elementor-widget-container\">\n\t\t\t\t\t\t\t<p>Iniciamos com uma apresenta\u00e7\u00e3o abrangente sobre educa\u00e7\u00e3o financeira. Essa etapa pode ser realizada por meio de uma palestra, presencial ou remota, ou por meio de um comunicado geral da empresa, para alcan\u00e7ar todos os colaboradores.<\/p>\t\t\t\t\t\t<\/div>\n\t\t\t\t<\/div>\n\t\t\t\t<\/div>\n\t\t<div class=\"elementor-element elementor-element-bb7aead e-con-full e-flex e-con\" data-id=\"bb7aead\" data-element_type=\"container\" data-settings=\"{&quot;content_width&quot;:&quot;full&quot;}\">\n\t\t\t\t<div class=\"elementor-element elementor-element-b24ecc4 elementor-widget elementor-widget-image\" data-id=\"b24ecc4\" data-element_type=\"widget\" data-widget_type=\"image.default\">\n\t\t\t\t<div class=\"elementor-widget-container\">\n\t\t\t\t\t\t\t\t\t\t\t\t\t\t\t<img decoding=\"async\" width=\"110\" height=\"110\" src=\"https:\/\/pilaresdagrana.com.br\/wp-content\/uploads\/2023\/06\/Reuniao-Pilares-da-Grana.png\" class=\"attachment-large size-large wp-image-266\" alt=\"\" loading=\"lazy\" \/>\t\t\t\t\t\t\t\t\t\t\t\t\t\t\t<\/div>\n\t\t\t\t<\/div>\n\t\t\t\t<div class=\"elementor-element elementor-element-b1e9ef1 elementor-widget elementor-widget-heading\" data-id=\"b1e9ef1\" data-element_type=\"widget\" data-widget_type=\"heading.default\">\n\t\t\t\t<div class=\"elementor-widget-container\">\n\t\t\t<h2 class=\"elementor-heading-title elementor-size-default\">2)\tReuni\u00e3o Diagn\u00f3stico<\/h2>\t\t<\/div>\n\t\t\t\t<\/div>\n\t\t\t\t<div class=\"elementor-element elementor-element-2f50190 elementor-widget elementor-widget-text-editor\" data-id=\"2f50190\" data-element_type=\"widget\" data-widget_type=\"text-editor.default\">\n\t\t\t\t<div class=\"elementor-widget-container\">\n\t\t\t\t\t\t\t<p>Cada colaborador ter\u00e1 a oportunidade de passar por uma reuni\u00e3o diagn\u00f3stico individual. O objetivo \u00e9 estabelecer metas financeiras pessoais e analisar sua situa\u00e7\u00e3o financeira atual. Essa an\u00e1lise detalhada permite identificar \u00e1reas que precisam de melhorias e tra\u00e7ar um plano de a\u00e7\u00e3o adequado.<\/p>\t\t\t\t\t\t<\/div>\n\t\t\t\t<\/div>\n\t\t\t\t<\/div>\n\t\t<div class=\"elementor-element elementor-element-3ffd034 e-con-full e-flex e-con\" data-id=\"3ffd034\" data-element_type=\"container\" data-settings=\"{&quot;content_width&quot;:&quot;full&quot;}\">\n\t\t\t\t<div class=\"elementor-element elementor-element-a4eb407 elementor-widget elementor-widget-image\" data-id=\"a4eb407\" data-element_type=\"widget\" data-widget_type=\"image.default\">\n\t\t\t\t<div class=\"elementor-widget-container\">\n\t\t\t\t\t\t\t\t\t\t\t\t\t\t\t<img decoding=\"async\" width=\"110\" height=\"110\" src=\"https:\/\/pilaresdagrana.com.br\/wp-content\/uploads\/2023\/06\/Entrega-Pilares-da-Grana.png\" class=\"attachment-large size-large wp-image-268\" alt=\"\" loading=\"lazy\" \/>\t\t\t\t\t\t\t\t\t\t\t\t\t\t\t<\/div>\n\t\t\t\t<\/div>\n\t\t\t\t<div class=\"elementor-element elementor-element-be48d7e elementor-widget elementor-widget-heading\" data-id=\"be48d7e\" data-element_type=\"widget\" data-widget_type=\"heading.default\">\n\t\t\t\t<div class=\"elementor-widget-container\">\n\t\t\t<h2 class=\"elementor-heading-title elementor-size-default\">3)\tEntrega do Planejamento<\/h2>\t\t<\/div>\n\t\t\t\t<\/div>\n\t\t\t\t<div class=\"elementor-element elementor-element-367b562 elementor-widget elementor-widget-text-editor\" data-id=\"367b562\" data-element_type=\"widget\" data-widget_type=\"text-editor.default\">\n\t\t\t\t<div class=\"elementor-widget-container\">\n\t\t\t\t\t\t\t<p>Durante a reuni\u00e3o de entrega, o colaborador receber\u00e1 um material completo contendo seu plano financeiro personalizado. Esse plano leva em considera\u00e7\u00e3o sua renda, despesas, d\u00edvidas, investimentos, aposentadoria e outros aspectos financeiros relevantes. Com essa vis\u00e3o clara e organizada, o colaborador estar\u00e1 preparado para tomar decis\u00f5es financeiras mais conscientes.<\/p>\t\t\t\t\t\t<\/div>\n\t\t\t\t<\/div>\n\t\t\t\t<\/div>\n\t\t<div class=\"elementor-element elementor-element-bee43e7 e-con-full e-flex e-con\" data-id=\"bee43e7\" data-element_type=\"container\" data-settings=\"{&quot;content_width&quot;:&quot;full&quot;}\">\n\t\t\t\t<div class=\"elementor-element elementor-element-5c866ad elementor-widget elementor-widget-image\" data-id=\"5c866ad\" data-element_type=\"widget\" data-widget_type=\"image.default\">\n\t\t\t\t<div class=\"elementor-widget-container\">\n\t\t\t\t\t\t\t\t\t\t\t\t\t\t\t<img decoding=\"async\" width=\"110\" height=\"110\" src=\"https:\/\/pilaresdagrana.com.br\/wp-content\/uploads\/2023\/06\/Plano-Pilares-da-Grana.png\" class=\"attachment-large size-large wp-image-267\" alt=\"\" loading=\"lazy\" \/>\t\t\t\t\t\t\t\t\t\t\t\t\t\t\t<\/div>\n\t\t\t\t<\/div>\n\t\t\t\t<div class=\"elementor-element elementor-element-8d9d29b elementor-widget elementor-widget-heading\" data-id=\"8d9d29b\" data-element_type=\"widget\" data-widget_type=\"heading.default\">\n\t\t\t\t<div class=\"elementor-widget-container\">\n\t\t\t<h2 class=\"elementor-heading-title elementor-size-default\">4)\tPlano de A\u00e7\u00e3o<\/h2>\t\t<\/div>\n\t\t\t\t<\/div>\n\t\t\t\t<div class=\"elementor-element elementor-element-e02da1f elementor-widget elementor-widget-text-editor\" data-id=\"e02da1f\" data-element_type=\"widget\" data-widget_type=\"text-editor.default\">\n\t\t\t\t<div class=\"elementor-widget-container\">\n\t\t\t\t\t\t\t<p>Ap\u00f3s receber o planejamento personalizado, o colaborador ter\u00e1 acesso a um direcionamento claro sobre como alcan\u00e7ar suas metas financeiras. Al\u00e9m disso, contar\u00e1 com o apoio direto de um assessor financeiro especializado, que o auxiliar\u00e1 ao longo do processo. Dessa forma, o colaborador ter\u00e1 todas as ferramentas necess\u00e1rias para tomar decis\u00f5es financeiras s\u00f3lidas e alcan\u00e7ar a independ\u00eancia financeira desejada.<\/p>\t\t\t\t\t\t<\/div>\n\t\t\t\t<\/div>\n\t\t\t\t<\/div>\n\t\t\t\t\t<\/div>\n\t\t\t\t<\/div>\n\t\t<div class=\"elementor-element elementor-element-c06808d e-flex e-con-boxed e-con\" data-id=\"c06808d\" data-element_type=\"container\" data-settings=\"{&quot;background_background&quot;:&quot;classic&quot;,&quot;content_width&quot;:&quot;boxed&quot;}\">\n\t\t\t\t\t<div class=\"e-con-inner\">\n\t\t<div class=\"elementor-element elementor-element-23a0c82 e-con-full e-flex e-con\" data-id=\"23a0c82\" data-element_type=\"container\" data-settings=\"{&quot;content_width&quot;:&quot;full&quot;}\">\n\t\t\t\t<div class=\"elementor-element elementor-element-58a33dc elementor-widget elementor-widget-heading\" data-id=\"58a33dc\" data-element_type=\"widget\" data-widget_type=\"heading.default\">\n\t\t\t\t<div class=\"elementor-widget-container\">\n\t\t\t<h2 class=\"elementor-heading-title elementor-size-default\">Por que oferecer esse benef\u00edcio?<\/h2>\t\t<\/div>\n\t\t\t\t<\/div>\n\t\t\t\t<div class=\"elementor-element elementor-element-a68c459 elementor-widget elementor-widget-text-editor\" data-id=\"a68c459\" data-element_type=\"widget\" data-widget_type=\"text-editor.default\">\n\t\t\t\t<div class=\"elementor-widget-container\">\n\t\t\t\t\t\t\t<p>A <strong>sa\u00fade financeira<\/strong> est\u00e1 diretamente ligada ao bem-estar geral de cada indiv\u00edduo, refletindo tanto na vida pessoal quanto no ambiente de trabalho. Pesquisas comprovam que quando as pessoas decidem investir, independentemente do valor investido, experimentam um aumento significativo no bem-estar, proporcionando os seguintes benef\u00edcios:<\/p><ul><li>Aumento de 13% na felicidade<\/li><li>Redu\u00e7\u00e3o de 20% no n\u00edvel de estresse<\/li><li>Aumento de 13% nos n\u00edveis de bem-estar<\/li><li>Aumento de 10% no otimismo<\/li><\/ul>\t\t\t\t\t\t<\/div>\n\t\t\t\t<\/div>\n\t\t\t\t<\/div>\n\t\t<div class=\"elementor-element elementor-element-79ff873 e-con-full e-flex e-con\" data-id=\"79ff873\" data-element_type=\"container\" data-settings=\"{&quot;content_width&quot;:&quot;full&quot;}\">\n\t\t\t\t<div class=\"elementor-element elementor-element-710825f elementor-widget elementor-widget-image\" data-id=\"710825f\" data-element_type=\"widget\" data-widget_type=\"image.default\">\n\t\t\t\t<div class=\"elementor-widget-container\">\n\t\t\t\t\t\t\t\t\t\t\t\t\t\t\t<img decoding=\"async\" width=\"750\" height=\"706\" src=\"https:\/\/pilaresdagrana.com.br\/wp-content\/uploads\/2023\/06\/Beneficios-Pilares-02.png\" class=\"attachment-large size-large wp-image-275\" alt=\"\" loading=\"lazy\" srcset=\"https:\/\/pilaresdagrana.com.br\/wp-content\/uploads\/2023\/06\/Beneficios-Pilares-02.png 750w, https:\/\/pilaresdagrana.com.br\/wp-content\/uploads\/2023\/06\/Beneficios-Pilares-02-300x282.png 300w\" sizes=\"(max-width: 750px) 100vw, 750px\" \/>\t\t\t\t\t\t\t\t\t\t\t\t\t\t\t<\/div>\n\t\t\t\t<\/div>\n\t\t\t\t<\/div>\n\t\t\t\t\t<\/div>\n\t\t\t\t<\/div>\n\t\t<div class=\"elementor-element elementor-element-686e3ff e-flex e-con-boxed e-con\" data-id=\"686e3ff\" data-element_type=\"container\" data-settings=\"{&quot;background_background&quot;:&quot;classic&quot;,&quot;content_width&quot;:&quot;boxed&quot;}\">\n\t\t\t\t\t<div class=\"e-con-inner\">\n\t\t<div class=\"elementor-element elementor-element-9d70346 e-con-full e-flex e-con\" data-id=\"9d70346\" data-element_type=\"container\" data-settings=\"{&quot;content_width&quot;:&quot;full&quot;}\">\n\t\t\t\t<div class=\"elementor-element elementor-element-5782f17 elementor-widget elementor-widget-image\" data-id=\"5782f17\" data-element_type=\"widget\" data-widget_type=\"image.default\">\n\t\t\t\t<div class=\"elementor-widget-container\">\n\t\t\t\t\t\t\t\t\t\t\t\t\t\t\t<img decoding=\"async\" width=\"734\" height=\"498\" src=\"https:\/\/pilaresdagrana.com.br\/wp-content\/uploads\/2023\/06\/Beneficios-Pilares-03.png\" class=\"attachment-large size-large wp-image-277\" alt=\"\" loading=\"lazy\" srcset=\"https:\/\/pilaresdagrana.com.br\/wp-content\/uploads\/2023\/06\/Beneficios-Pilares-03.png 734w, https:\/\/pilaresdagrana.com.br\/wp-content\/uploads\/2023\/06\/Beneficios-Pilares-03-300x204.png 300w\" sizes=\"(max-width: 734px) 100vw, 734px\" \/>\t\t\t\t\t\t\t\t\t\t\t\t\t\t\t<\/div>\n\t\t\t\t<\/div>\n\t\t\t\t<\/div>\n\t\t<div class=\"elementor-element elementor-element-9625178 e-con-full e-flex e-con\" data-id=\"9625178\" data-element_type=\"container\" data-settings=\"{&quot;content_width&quot;:&quot;full&quot;}\">\n\t\t\t\t<div class=\"elementor-element elementor-element-c09a767 elementor-widget elementor-widget-text-editor\" data-id=\"c09a767\" data-element_type=\"widget\" data-widget_type=\"text-editor.default\">\n\t\t\t\t<div class=\"elementor-widget-container\">\n\t\t\t\t\t\t\t<p>Ao oferecer o benef\u00edcio da <strong>Pilares da Grana<\/strong>, sua empresa estar\u00e1 promovendo o bem-estar financeiro dos colaboradores, contribuindo para um ambiente de trabalho mais saud\u00e1vel e produtivo. <strong>Invista no futuro dos seus colaboradores e no sucesso da sua empresa!<\/strong><\/p>\t\t\t\t\t\t<\/div>\n\t\t\t\t<\/div>\n\t\t\t\t<\/div>\n\t\t\t\t\t<\/div>\n\t\t\t\t<\/div>\n\t\t<div class=\"elementor-element elementor-element-cf30d33 e-flex e-con-boxed e-con\" data-id=\"cf30d33\" data-element_type=\"container\" data-settings=\"{&quot;background_background&quot;:&quot;classic&quot;,&quot;content_width&quot;:&quot;boxed&quot;}\">\n\t\t\t\t\t<div class=\"e-con-inner\">\n\t\t\t\t<div class=\"elementor-element elementor-element-4dfa77f elementor-widget elementor-widget-text-editor\" data-id=\"4dfa77f\" data-element_type=\"widget\" data-widget_type=\"text-editor.default\">\n\t\t\t\t<div class=\"elementor-widget-container\">\n\t\t\t\t\t\t\t<p><strong>Entre em contato conosco agora mesmo e agende uma apresenta\u00e7\u00e3o personalizada sobre os benef\u00edcios da Pilares da Grana. Juntos, podemos alcan\u00e7ar a independ\u00eancia financeira e transformar vidas!<\/strong><\/p>\t\t\t\t\t\t<\/div>\n\t\t\t\t<\/div>\n\t\t\t\t<div class=\"elementor-element elementor-element-9633494 elementor-align-center elementor-widget elementor-widget-button\" data-id=\"9633494\" data-element_type=\"widget\" data-widget_type=\"button.default\">\n\t\t\t\t<div class=\"elementor-widget-container\">\n\t\t\t\t\t<div class=\"elementor-button-wrapper\">\n\t\t\t<a class=\"elementor-button elementor-button-link elementor-size-sm\" href=\"http:\/\/wa.me\/551148623705\">\n\t\t\t\t\t\t<span class=\"elementor-button-content-wrapper\">\n\t\t\t\t\t\t<span class=\"elementor-button-icon elementor-align-icon-left\">\n\t\t\t\t<i aria-hidden=\"true\" class=\"fab fa-whatsapp\"><\/i>\t\t\t<\/span>\n\t\t\t\t\t\t<span class=\"elementor-button-text\">Clique aqui<\/span>\n\t\t<\/span>\n\t\t\t\t\t<\/a>\n\t\t<\/div>\n\t\t\t\t<\/div>\n\t\t\t\t<\/div>\n\t\t\t\t\t<\/div>\n\t\t\t\t<\/div>\n\t\t\t\t\t\t\t<\/div>\n\t\t","protected":false},"excerpt":{"rendered":"<p>Aumente o bem-estar financeiro dos colaboradores. Na Pilares da Grana, nosso principal objetivo \u00e9 alcan\u00e7ar cada vez mais colaboradores e ajud\u00e1-los a conquistar independ\u00eancia financeira. Sabemos que quando os colaboradores est\u00e3o financeiramente est\u00e1veis, eles se tornam mais engajados e produtivos, beneficiando tanto a empresa quanto a si mesmos. \u00c9 por isso que oferecemos um benef\u00edcio [&hellip;]<\/p>\n","protected":false},"author":1,"featured_media":0,"parent":0,"menu_order":0,"comment_status":"closed","ping_status":"closed","template":"elementor_header_footer","meta":[],"_links":{"self":[{"href":"https:\/\/pilaresdagrana.com.br\/index.php\/wp-json\/wp\/v2\/pages\/80"}],"collection":[{"href":"https:\/\/pilaresdagrana.com.br\/index.php\/wp-json\/wp\/v2\/pages"}],"about":[{"href":"https:\/\/pilaresdagrana.com.br\/index.php\/wp-json\/wp\/v2\/types\/page"}],"author":[{"embeddable":true,"href":"https:\/\/pilaresdagrana.com.br\/index.php\/wp-json\/wp\/v2\/users\/1"}],"replies":[{"embeddable":true,"href":"https:\/\/pilaresdagrana.com.br\/index.php\/wp-json\/wp\/v2\/comments?post=80"}],"version-history":[{"count":73,"href":"https:\/\/pilaresdagrana.com.br\/index.php\/wp-json\/wp\/v2\/pages\/80\/revisions"}],"predecessor-version":[{"id":309,"href":"https:\/\/pilaresdagrana.com.br\/index.php\/wp-json\/wp\/v2\/pages\/80\/revisions\/309"}],"wp:attachment":[{"href":"https:\/\/pilaresdagrana.com.br\/index.php\/wp-json\/wp\/v2\/media?parent=80"}],"curies":[{"name":"wp","href":"https:\/\/api.w.org\/{rel}","templated":true}]}}